{"id":857,"date":"2023-07-16T15:16:22","date_gmt":"2023-07-16T15:16:22","guid":{"rendered":"https:\/\/virtua.hr\/?page_id=857"},"modified":"2023-07-22T16:16:07","modified_gmt":"2023-07-22T16:16:07","slug":"pravila-privatnosti","status":"publish","type":"page","link":"https:\/\/virtua.hr\/index.php\/pravila-privatnosti\/","title":{"rendered":"Pravila privatnosti"},"content":{"rendered":"<h5><strong>Pravila privatnosti<\/strong><\/h5>\n<p>VirtuA, obrt za administrativne usluge, vl. \u017deljka Moha\u010d, Donja Stubica, Vu\u010dak 130A, 53745700056, MB: 98468928 (u nastavku virtua.hr)<\/p>\n<p>\u0161titi va\u0161u privatnost i postupa u skladu sa zakonskim propisima o za\u0161titi osobnih podataka.<\/p>\n<p>U nastavku slijede informacije u koje svrhe prikupljamo i koristimo va\u0161e osobne podatke te koja su va\u0161a prava.<\/p>\n<p>Podatke upotrebljavamo samo za legitimne i o\u010dekivane svrhe te ih ne proslje\u0111ujemo tre\u0107im stranama i ne koristimo u druge svrhe.<\/p>\n<p>Obrada se vr\u0161i u skladu sa Op\u0107om uredbom o za\u0161titi podataka, hrvatskim zakonima i propisima.<\/p>\n<p>Pristup web stranici virtua.hr je slobodan i ne tra\u017ei se registracija.<\/p>\n<h6><strong>Kako koristimo kola\u010di\u0107e (Cookies)<\/strong><\/h6>\n<p>Kako bismo pobolj\u0161ali funkcionalnost na\u0161e web stranice i va\u0161eg korisni\u010dkog iskustva, virtua.hr koristi kola\u010di\u0107e.<\/p>\n<p>Neki kola\u010di\u0107i koje koristimo neophodni su za uredno funkcioniranje odre\u0111enih usluga,<\/p>\n<p>a drugi se koriste za prikupljanje informacija o kori\u0161tenju internetske stranice (statistiku), tako da stranicu mo\u017eemo prilagoditi va\u0161im potrebama.<\/p>\n<p>Neki su kola\u010di\u0107i privremeni i nestaju kad isklju\u010dite preglednik, a drugi su trajni i ostaju na va\u0161em ra\u010dunalu odre\u0111eno vrijeme.<\/p>\n<p>Koristimo i neke lokalne kola\u010di\u0107e koji su vezani za lokalne kampanje, a koji \u0107e nestati po njihovu zavr\u0161etku.<\/p>\n<h6><strong>Funkcijski kola\u010di\u0107i koriste se:<\/strong><\/h6>\n<ul>\n<li>za va\u0161u sigurnost dok koristite na\u0161u stranicu<\/li>\n<li>za osiguravanje konzistentnog izgleda stranice<\/li>\n<\/ul>\n<h6><strong>Kola\u010di\u0107i u\u010dinkovitosti koriste se<\/strong>:<\/h6>\n<ul>\n<li>za pobolj\u0161anje radnih svojstava internetske stranice<\/li>\n<li>za pobolj\u0161anje do\u017eivljaja korisnika<\/li>\n<\/ul>\n<h6><strong>Ogla\u0161iva\u010dki kola\u010di\u0107i koriste se:<\/strong><\/h6>\n<ul>\n<li>za omogu\u0107avanje dijeljenja i \u201elajkanja\u201c<\/li>\n<li>za omogu\u0107avanje slanja informacija drugim internetskim stranicama kako bi prema njima prilagodile svoje oglase<\/li>\n<\/ul>\n<h6><strong>Primjeri upotrebe:<\/strong><\/h6>\n<p>Kola\u010di\u0107i se koriste kako bi se pobolj\u0161ale na\u0161e usluge, na primjer:<\/p>\n<ul>\n<li>omogu\u0107avanjem rada nekih specifi\u010dnih usluga koje bez tih kola\u010di\u0107a ne mogu raditi<\/li>\n<\/ul>\n<ul>\n<li>omogu\u0107avanjem odre\u0111enoj usluzi da prepozna va\u0161 ure\u0111aj kako isti podatak ne bi trebalo davati vi\u0161e puta tijekom jednog pretra\u017eivanja<\/li>\n<\/ul>\n<ul>\n<li>analiziranjem podataka kako bismo mogli znati kako na\u0161i korisnici koriste na\u0161u stranicu i kako bismo ju mogli pobolj\u0161ati<\/li>\n<\/ul>\n<p>Ako odlu\u010dite da ne \u017eelite koristiti kola\u010di\u0107e tijekom svog posjeta, morate biti svjesni da neke funkcije na\u0161e stranice mo\u017eda ne\u0107e raditi onako kako bi trebale.<\/p>\n<p>Vi\u0161e o kola\u010di\u0107ima i o tome kako ih obrisati i njima upravljati mo\u017eete saznati na internet stranici www.aboutcookies.org ili klikom na \u201ePomo\u0107\u201c u izborniku va\u0161eg internetskog preglednika.<\/p>\n<h6><strong>Ograni\u010denje odgovornosti<\/strong><\/h6>\n<h6>Iako poduzimamo dostupne tehni\u010dke i organizacijske mjere u cilju spre\u010davanja neovla\u0161tenog otkrivanja va\u0161ih osobnih podataka, ne mo\u017eemo jam\u010diti da neki od osobnih podataka koje prikupljamo ne\u0107e nikada biti slu\u010dajno otkriveni, suprotno odredbama ovih Pravila za\u0161tite privatnosti.<\/h6>\n<p>Do najve\u0107e mjere dopu\u0161tene zakonom isklju\u010dujemo odgovornost za \u0161tetu nanesenu korisnicima ili tre\u0107im osobama slu\u010dajnim otkrivanjem osobnih podataka.<\/p>\n","protected":false},"excerpt":{"rendered":"<p>Pravila privatnosti VirtuA, obrt za administrativne usluge, vl. \u017deljka Moha\u010d, Donja Stubica, Vu\u010dak 130A, 53745700056, MB: 98468928 (u nastavku virtua.hr) \u0161titi va\u0161u privatnost i postupa u skladu sa zakonskim propisima o za\u0161titi osobnih podataka. U nastavku slijede informacije u koje svrhe prikupljamo i koristimo va\u0161e osobne podatke te koja su va\u0161a prava. Podatke upotrebljavamo samo [&hellip;]<\/p>\n","protected":false},"author":1,"featured_media":0,"parent":0,"menu_order":0,"comment_status":"closed","ping_status":"closed","template":"","meta":{"_uag_custom_page_level_css":"","site-sidebar-layout":"default","site-content-layout":"","ast-site-content-layout":"default","site-content-style":"default","site-sidebar-style":"default","ast-global-header-display":"","ast-banner-title-visibility":"","ast-main-header-display":"","ast-hfb-above-header-display":"","ast-hfb-below-header-display":"","ast-hfb-mobile-header-display":"","site-post-title":"","ast-breadcrumbs-content":"","ast-featured-img":"","footer-sml-layout":"","ast-disable-related-posts":"","theme-transparent-header-meta":"","adv-header-id-meta":"","stick-header-meta":"","header-above-stick-meta":"","header-main-stick-meta":"","header-below-stick-meta":"","astra-migrate-meta-layouts":"default","ast-page-background-enabled":"default","ast-page-background-meta":{"desktop":{"background-color":"var(--ast-global-color-4)","background-image":"","background-repeat":"repeat","background-position":"center center","background-size":"auto","background-attachment":"scroll","background-type":"","background-media":"","overlay-type":"","overlay-color":"","overlay-opacity":"","overlay-gradient":""},"tablet":{"background-color":"","background-image":"","background-repeat":"repeat","background-position":"center center","background-size":"auto","background-attachment":"scroll","background-type":"","background-media":"","overlay-type":"","overlay-color":"","overlay-opacity":"","overlay-gradient":""},"mobile":{"background-color":"","background-image":"","background-repeat":"repeat","background-position":"center center","background-size":"auto","background-attachment":"scroll","background-type":"","background-media":"","overlay-type":"","overlay-color":"","overlay-opacity":"","overlay-gradient":""}},"ast-content-background-meta":{"desktop":{"background-color":"var(--ast-global-color-5)","background-image":"","background-repeat":"repeat","background-position":"center center","background-size":"auto","background-attachment":"scroll","background-type":"","background-media":"","overlay-type":"","overlay-color":"","overlay-opacity":"","overlay-gradient":""},"tablet":{"background-color":"var(--ast-global-color-5)","background-image":"","background-repeat":"repeat","background-position":"center center","background-size":"auto","background-attachment":"scroll","background-type":"","background-media":"","overlay-type":"","overlay-color":"","overlay-opacity":"","overlay-gradient":""},"mobile":{"background-color":"var(--ast-global-color-5)","background-image":"","background-repeat":"repeat","background-position":"center center","background-size":"auto","background-attachment":"scroll","background-type":"","background-media":"","overlay-type":"","overlay-color":"","overlay-opacity":"","overlay-gradient":""}},"footnotes":""},"class_list":["post-857","page","type-page","status-publish","hentry"],"yoast_head":"<!-- This site is optimized with the Yoast SEO plugin v27.4 - https:\/\/yoast.com\/product\/yoast-seo-wordpress\/ -->\n<title>Pravila privatnosti - VirtuA, poslovna asistentica<\/title>\n<meta name=\"description\" content=\"VirtuA virtualna asistentica \u017deljka Moha\u010d\" \/>\n<meta name=\"robots\" content=\"index, follow, max-snippet:-1, max-image-preview:large, max-video-preview:-1\" \/>\n<link rel=\"canonical\" href=\"https:\/\/virtua.hr\/index.php\/pravila-privatnosti\/\" \/>\n<meta property=\"og:locale\" content=\"hr_HR\" \/>\n<meta property=\"og:type\" content=\"article\" \/>\n<meta property=\"og:title\" content=\"Pravila privatnosti - VirtuA, poslovna asistentica\" \/>\n<meta property=\"og:description\" content=\"VirtuA virtualna asistentica \u017deljka Moha\u010d\" \/>\n<meta property=\"og:url\" content=\"https:\/\/virtua.hr\/index.php\/pravila-privatnosti\/\" \/>\n<meta property=\"og:site_name\" content=\"VirtuA, poslovna asistentica\" \/>\n<meta property=\"article:modified_time\" content=\"2023-07-22T16:16:07+00:00\" \/>\n<meta name=\"twitter:card\" content=\"summary_large_image\" \/>\n<meta name=\"twitter:label1\" content=\"Procijenjeno vrijeme \u010ditanja\" \/>\n\t<meta name=\"twitter:data1\" content=\"3 minute\" \/>\n<script type=\"application\/ld+json\" class=\"yoast-schema-graph\">{\"@context\":\"https:\\\/\\\/schema.org\",\"@graph\":[{\"@type\":\"WebPage\",\"@id\":\"https:\\\/\\\/virtua.hr\\\/index.php\\\/pravila-privatnosti\\\/\",\"url\":\"https:\\\/\\\/virtua.hr\\\/index.php\\\/pravila-privatnosti\\\/\",\"name\":\"Pravila privatnosti - VirtuA, poslovna asistentica\",\"isPartOf\":{\"@id\":\"https:\\\/\\\/virtua.hr\\\/#website\"},\"datePublished\":\"2023-07-16T15:16:22+00:00\",\"dateModified\":\"2023-07-22T16:16:07+00:00\",\"description\":\"VirtuA virtualna asistentica \u017deljka Moha\u010d\",\"breadcrumb\":{\"@id\":\"https:\\\/\\\/virtua.hr\\\/index.php\\\/pravila-privatnosti\\\/#breadcrumb\"},\"inLanguage\":\"hr\",\"potentialAction\":[{\"@type\":\"ReadAction\",\"target\":[\"https:\\\/\\\/virtua.hr\\\/index.php\\\/pravila-privatnosti\\\/\"]}]},{\"@type\":\"BreadcrumbList\",\"@id\":\"https:\\\/\\\/virtua.hr\\\/index.php\\\/pravila-privatnosti\\\/#breadcrumb\",\"itemListElement\":[{\"@type\":\"ListItem\",\"position\":1,\"name\":\"Home\",\"item\":\"https:\\\/\\\/virtua.hr\\\/\"},{\"@type\":\"ListItem\",\"position\":2,\"name\":\"Pravila privatnosti\"}]},{\"@type\":\"WebSite\",\"@id\":\"https:\\\/\\\/virtua.hr\\\/#website\",\"url\":\"https:\\\/\\\/virtua.hr\\\/\",\"name\":\"VirtuA, poslovna asistentica\",\"description\":\"\u017deljka Moha\u010d\",\"potentialAction\":[{\"@type\":\"SearchAction\",\"target\":{\"@type\":\"EntryPoint\",\"urlTemplate\":\"https:\\\/\\\/virtua.hr\\\/?s={search_term_string}\"},\"query-input\":{\"@type\":\"PropertyValueSpecification\",\"valueRequired\":true,\"valueName\":\"search_term_string\"}}],\"inLanguage\":\"hr\"}]}<\/script>\n<!-- \/ Yoast SEO plugin. -->","yoast_head_json":{"title":"Pravila privatnosti - VirtuA, poslovna asistentica","description":"VirtuA virtualna asistentica \u017deljka Moha\u010d","robots":{"index":"index","follow":"follow","max-snippet":"max-snippet:-1","max-image-preview":"max-image-preview:large","max-video-preview":"max-video-preview:-1"},"canonical":"https:\/\/virtua.hr\/index.php\/pravila-privatnosti\/","og_locale":"hr_HR","og_type":"article","og_title":"Pravila privatnosti - VirtuA, poslovna asistentica","og_description":"VirtuA virtualna asistentica \u017deljka Moha\u010d","og_url":"https:\/\/virtua.hr\/index.php\/pravila-privatnosti\/","og_site_name":"VirtuA, poslovna asistentica","article_modified_time":"2023-07-22T16:16:07+00:00","twitter_card":"summary_large_image","twitter_misc":{"Procijenjeno vrijeme \u010ditanja":"3 minute"},"schema":{"@context":"https:\/\/schema.org","@graph":[{"@type":"WebPage","@id":"https:\/\/virtua.hr\/index.php\/pravila-privatnosti\/","url":"https:\/\/virtua.hr\/index.php\/pravila-privatnosti\/","name":"Pravila privatnosti - VirtuA, poslovna asistentica","isPartOf":{"@id":"https:\/\/virtua.hr\/#website"},"datePublished":"2023-07-16T15:16:22+00:00","dateModified":"2023-07-22T16:16:07+00:00","description":"VirtuA virtualna asistentica \u017deljka Moha\u010d","breadcrumb":{"@id":"https:\/\/virtua.hr\/index.php\/pravila-privatnosti\/#breadcrumb"},"inLanguage":"hr","potentialAction":[{"@type":"ReadAction","target":["https:\/\/virtua.hr\/index.php\/pravila-privatnosti\/"]}]},{"@type":"BreadcrumbList","@id":"https:\/\/virtua.hr\/index.php\/pravila-privatnosti\/#breadcrumb","itemListElement":[{"@type":"ListItem","position":1,"name":"Home","item":"https:\/\/virtua.hr\/"},{"@type":"ListItem","position":2,"name":"Pravila privatnosti"}]},{"@type":"WebSite","@id":"https:\/\/virtua.hr\/#website","url":"https:\/\/virtua.hr\/","name":"VirtuA, poslovna asistentica","description":"\u017deljka Moha\u010d","potentialAction":[{"@type":"SearchAction","target":{"@type":"EntryPoint","urlTemplate":"https:\/\/virtua.hr\/?s={search_term_string}"},"query-input":{"@type":"PropertyValueSpecification","valueRequired":true,"valueName":"search_term_string"}}],"inLanguage":"hr"}]}},"uagb_featured_image_src":{"full":false,"thumbnail":false,"medium":false,"medium_large":false,"large":false,"1536x1536":false,"2048x2048":false},"uagb_author_info":{"display_name":"\u017deljka Moha\u010d","author_link":"https:\/\/virtua.hr\/index.php\/author\/admin_lc2pu82k\/"},"uagb_comment_info":0,"uagb_excerpt":"Pravila privatnosti VirtuA, obrt za administrativne usluge, vl. \u017deljka Moha\u010d, Donja Stubica, Vu\u010dak 130A, 53745700056, MB: 98468928 (u nastavku virtua.hr) \u0161titi va\u0161u privatnost i postupa u skladu sa zakonskim propisima o za\u0161titi osobnih podataka. U nastavku slijede informacije u koje svrhe prikupljamo i koristimo va\u0161e osobne podatke te koja su va\u0161a prava. Podatke upotrebljavamo samo&hellip;","_links":{"self":[{"href":"https:\/\/virtua.hr\/index.php\/wp-json\/wp\/v2\/pages\/857","targetHints":{"allow":["GET"]}}],"collection":[{"href":"https:\/\/virtua.hr\/index.php\/wp-json\/wp\/v2\/pages"}],"about":[{"href":"https:\/\/virtua.hr\/index.php\/wp-json\/wp\/v2\/types\/page"}],"author":[{"embeddable":true,"href":"https:\/\/virtua.hr\/index.php\/wp-json\/wp\/v2\/users\/1"}],"replies":[{"embeddable":true,"href":"https:\/\/virtua.hr\/index.php\/wp-json\/wp\/v2\/comments?post=857"}],"version-history":[{"count":2,"href":"https:\/\/virtua.hr\/index.php\/wp-json\/wp\/v2\/pages\/857\/revisions"}],"predecessor-version":[{"id":927,"href":"https:\/\/virtua.hr\/index.php\/wp-json\/wp\/v2\/pages\/857\/revisions\/927"}],"wp:attachment":[{"href":"https:\/\/virtua.hr\/index.php\/wp-json\/wp\/v2\/media?parent=857"}],"curies":[{"name":"wp","href":"https:\/\/api.w.org\/{rel}","templated":true}]}}