{"id":960,"date":"2023-07-21T08:02:23","date_gmt":"2023-07-21T08:02:23","guid":{"rendered":"https:\/\/virtua.hr\/?page_id=960"},"modified":"2025-07-25T14:42:50","modified_gmt":"2025-07-25T14:42:50","slug":"usluge","status":"publish","type":"page","link":"https:\/\/virtua.hr\/index.php\/usluge\/","title":{"rendered":"Usluge"},"content":{"rendered":"\n<h4 class=\"wp-block-heading\"><strong>Usluge<\/strong><\/h4>\n\n\n<p>Dvije su skupine usluga u ponudi:<\/p>\n<p>&nbsp; &nbsp; &nbsp; USLUGE PODR\u0160KE MARKETINGU<\/p>\n<p>&nbsp; &nbsp; &nbsp; ADMINISTRATIVNE USLUGE<\/p>\n\n\n<div style=\"height:40px\" aria-hidden=\"true\" class=\"wp-block-spacer\"><\/div>\n\n\n\n<h5 class=\"wp-block-heading\"><strong>Usluge podr\u0161ke marketingu:<\/strong><\/h5>\n\n\n\n<div style=\"height:12px\" aria-hidden=\"true\" class=\"wp-block-spacer\"><\/div>\n\n\n\n<div class=\"wp-block-media-text alignwide is-stacked-on-mobile\" style=\"grid-template-columns:21% auto\"><figure class=\"wp-block-media-text__media\"><img loading=\"lazy\" decoding=\"async\" width=\"300\" height=\"300\" src=\"https:\/\/virtua.hr\/wp-content\/uploads\/2023\/07\/obrada-video-zapisa-.webp\" alt=\"\" class=\"wp-image-1047 size-full\" srcset=\"https:\/\/virtua.hr\/wp-content\/uploads\/2023\/07\/obrada-video-zapisa-.webp 300w, https:\/\/virtua.hr\/wp-content\/uploads\/2023\/07\/obrada-video-zapisa--150x150.webp 150w\" sizes=\"auto, (max-width: 300px) 100vw, 300px\" \/><\/figure><div class=\"wp-block-media-text__content\">\n<p><strong>Obrada i izrada kratkih video materijala: kra\u0107enje, spajanje, titlovi, efekti, animacije<\/strong><\/p>\n<p>Trebate video za promociju svojih usluga ili proizvoda? Iz videa ili fotografija kreiram materijal prema va\u0161im potrebama.<\/p>\n<\/div><\/div>\n\n\n\n<div style=\"height:40px\" aria-hidden=\"true\" class=\"wp-block-spacer\"><\/div>\n\n\n\n<div class=\"wp-block-media-text alignwide is-stacked-on-mobile\" style=\"grid-template-columns:21% auto\"><figure class=\"wp-block-media-text__media\"><img loading=\"lazy\" decoding=\"async\" width=\"300\" height=\"300\" src=\"https:\/\/virtua.hr\/wp-content\/uploads\/2023\/07\/Canva.webp\" alt=\"\" class=\"wp-image-1050 size-full\" srcset=\"https:\/\/virtua.hr\/wp-content\/uploads\/2023\/07\/Canva.webp 300w, https:\/\/virtua.hr\/wp-content\/uploads\/2023\/07\/Canva-150x150.webp 150w\" sizes=\"auto, (max-width: 300px) 100vw, 300px\" \/><\/figure><div class=\"wp-block-media-text__content\">\n<p><strong>Izrada info-promo materijala za dru\u0161tvene mre\u017ee<\/strong><\/p>\n<p>Koristim program Canva Pro za izradu vizuala koji se integriraju u web stranice, stranice dru\u0161tvenih mre\u017ea, prezentacije ili za izradu jedinstvenih blagdanskih \u010destitki poslovnim partnerima.<\/p>\n<\/div><\/div>\n\n\n\n<div style=\"height:40px\" aria-hidden=\"true\" class=\"wp-block-spacer\"><\/div>\n\n\n\n<div class=\"wp-block-media-text alignwide is-stacked-on-mobile\" style=\"grid-template-columns:21% auto\"><figure class=\"wp-block-media-text__media\"><img loading=\"lazy\" decoding=\"async\" width=\"300\" height=\"300\" src=\"https:\/\/virtua.hr\/wp-content\/uploads\/2023\/07\/prezentacije.webp\" alt=\"\" class=\"wp-image-1051 size-full\" srcset=\"https:\/\/virtua.hr\/wp-content\/uploads\/2023\/07\/prezentacije.webp 300w, https:\/\/virtua.hr\/wp-content\/uploads\/2023\/07\/prezentacije-150x150.webp 150w\" sizes=\"auto, (max-width: 300px) 100vw, 300px\" \/><\/figure><div class=\"wp-block-media-text__content\">\n<p><strong>Izrada prezentacija za dru\u0161tvene mre\u017ee i razna doga\u0111anja\/evente<\/strong><\/p>\n<p>Na temelju pripremljenog teksta ili skica kreiram prezentacije va\u0161e tvrtke, usluge i proizvoda<\/p>\n<\/div><\/div>\n\n\n\n<div style=\"height:40px\" aria-hidden=\"true\" class=\"wp-block-spacer\"><\/div>\n\n\n\n<div class=\"wp-block-media-text alignwide is-stacked-on-mobile\" style=\"grid-template-columns:21% auto\"><figure class=\"wp-block-media-text__media\"><img loading=\"lazy\" decoding=\"async\" width=\"300\" height=\"300\" src=\"https:\/\/virtua.hr\/wp-content\/uploads\/2023\/07\/Wordpress-web-dizajn.webp\" alt=\"\" class=\"wp-image-1052 size-full\" srcset=\"https:\/\/virtua.hr\/wp-content\/uploads\/2023\/07\/Wordpress-web-dizajn.webp 300w, https:\/\/virtua.hr\/wp-content\/uploads\/2023\/07\/Wordpress-web-dizajn-150x150.webp 150w\" sizes=\"auto, (max-width: 300px) 100vw, 300px\" \/><\/figure><div class=\"wp-block-media-text__content\">\n<p><strong>Unos i a\u017euriranje WordPress web sadr\u017eaja:<\/strong><\/p>\n<p>izmjena i dopuna podataka, dodavanje kreiranih blog postova (novosti, edukacije), dodavanje linkova, objava prilago\u0111enih fotografija i vizuala&nbsp;<\/p>\n<\/div><\/div>\n\n\n\n<div style=\"height:80px\" aria-hidden=\"true\" class=\"wp-block-spacer\"><\/div>\n\n\n\n<h5 class=\"wp-block-heading\"><strong>Administrativne usluge:<\/strong><\/h5>\n\n\n\n<div style=\"height:12px\" aria-hidden=\"true\" class=\"wp-block-spacer\"><\/div>\n\n\n\n<div class=\"wp-block-media-text alignwide is-stacked-on-mobile\" style=\"grid-template-columns:21% auto\"><figure class=\"wp-block-media-text__media\"><img loading=\"lazy\" decoding=\"async\" width=\"300\" height=\"300\" src=\"https:\/\/virtua.hr\/wp-content\/uploads\/2023\/07\/istrazivanje-interneta.webp\" alt=\"\" class=\"wp-image-1053 size-full\" srcset=\"https:\/\/virtua.hr\/wp-content\/uploads\/2023\/07\/istrazivanje-interneta.webp 300w, https:\/\/virtua.hr\/wp-content\/uploads\/2023\/07\/istrazivanje-interneta-150x150.webp 150w\" sizes=\"auto, (max-width: 300px) 100vw, 300px\" \/><\/figure><div class=\"wp-block-media-text__content\">\n<p><strong>Istra\u017eivanje Interneta u razli\u010dite svrhe<\/strong><\/p>\n<p>Treba ne\u0161to istra\u017eiti na Internetu ali nemate dovoljno vremena za to?<br \/>Nema problema, uz dane smjernice mogu to napraviti umjesto vas!<\/p>\n<\/div><\/div>\n\n\n\n<div style=\"height:40px\" aria-hidden=\"true\" class=\"wp-block-spacer\"><\/div>\n\n\n\n<div class=\"wp-block-media-text alignwide is-stacked-on-mobile\" style=\"grid-template-columns:21% auto\"><figure class=\"wp-block-media-text__media\"><img loading=\"lazy\" decoding=\"async\" width=\"300\" height=\"300\" src=\"https:\/\/virtua.hr\/wp-content\/uploads\/2023\/07\/zelena-_i_digitalna_transformacija.webp\" alt=\"\" class=\"wp-image-1054 size-full\" srcset=\"https:\/\/virtua.hr\/wp-content\/uploads\/2023\/07\/zelena-_i_digitalna_transformacija.webp 300w, https:\/\/virtua.hr\/wp-content\/uploads\/2023\/07\/zelena-_i_digitalna_transformacija-150x150.webp 150w\" sizes=\"auto, (max-width: 300px) 100vw, 300px\" \/><\/figure><div class=\"wp-block-media-text__content\">\n<p><strong>Digitalno sortiranje i arhiviranje dokumenata<\/strong><\/p>\n<p>Ne mo\u017eete uvijek mo\u017eete brzo i lako prona\u0107i dokumente va\u0161eg poslovanja? Potrebno ih je ispravno imenovati, kategorizirati a onda prema potrebi spremiti u digitalni prostor za pohranu na Internetu.<\/p>\n<\/div><\/div>\n\n\n\n<div style=\"height:40px\" aria-hidden=\"true\" class=\"wp-block-spacer\"><\/div>\n\n\n\n<div class=\"wp-block-media-text alignwide is-stacked-on-mobile\" style=\"grid-template-columns:21% auto\"><figure class=\"wp-block-media-text__media\"><img loading=\"lazy\" decoding=\"async\" width=\"300\" height=\"300\" src=\"https:\/\/virtua.hr\/wp-content\/uploads\/2023\/07\/obrasci.webp\" alt=\"\" class=\"wp-image-1055 size-full\" srcset=\"https:\/\/virtua.hr\/wp-content\/uploads\/2023\/07\/obrasci.webp 300w, https:\/\/virtua.hr\/wp-content\/uploads\/2023\/07\/obrasci-150x150.webp 150w\" sizes=\"auto, (max-width: 300px) 100vw, 300px\" \/><\/figure><div class=\"wp-block-media-text__content\">\n<p><strong>Izrada upitnika i drugih obrazaca online, Word i PDF<\/strong><\/p>\n<p>Trebate obrasce za svoje poslovanje koji nisu standardni? Napravit \u0107u obrace uskla\u0111ene sa vizualom va\u0161e tvrtke \/ obrta.<\/p>\n<p>\u017delite da napravim kratki upitnik postoje\u0107im ili potencijalnim klijentima o va\u0161im uslugama ili proizvodima? Takve ankete mo\u017eete uz moju pomo\u0107 podijeliti preko elektroni\u010dke po\u0161te i dru\u0161tvenih mre\u017ea, a odgovore dobiti sa pametnih telefona, tableta i ra\u010dunala.<\/p>\n<\/div><\/div>\n\n\n\n<div style=\"height:40px\" aria-hidden=\"true\" class=\"wp-block-spacer\"><\/div>\n\n\n\n<div class=\"wp-block-media-text alignwide is-stacked-on-mobile\" style=\"grid-template-columns:21% auto\"><figure class=\"wp-block-media-text__media\"><img loading=\"lazy\" decoding=\"async\" width=\"300\" height=\"300\" src=\"https:\/\/virtua.hr\/wp-content\/uploads\/2023\/07\/Excel.webp\" alt=\"\" class=\"wp-image-1056 size-full\" srcset=\"https:\/\/virtua.hr\/wp-content\/uploads\/2023\/07\/Excel.webp 300w, https:\/\/virtua.hr\/wp-content\/uploads\/2023\/07\/Excel-150x150.webp 150w\" sizes=\"auto, (max-width: 300px) 100vw, 300px\" \/><\/figure><div class=\"wp-block-media-text__content\">\n<p><strong>Vo\u0111enje evidencija<\/strong><\/p>\n<p><strong>Baze podataka<\/strong><\/p>\n<p><strong>Obrada podataka<\/strong><\/p>\n<p><strong>Izrada izvje\u0161taja<\/strong><\/p>\n<\/div><\/div>\n\n\n\n<div style=\"height:40px\" aria-hidden=\"true\" class=\"wp-block-spacer\"><\/div>\n\n\n\n<div class=\"wp-block-media-text alignwide is-stacked-on-mobile\" style=\"grid-template-columns:21% auto\"><figure class=\"wp-block-media-text__media\"><img loading=\"lazy\" decoding=\"async\" width=\"300\" height=\"300\" src=\"https:\/\/virtua.hr\/wp-content\/uploads\/2023\/07\/procedure.webp\" alt=\"\" class=\"wp-image-1057 size-full\" srcset=\"https:\/\/virtua.hr\/wp-content\/uploads\/2023\/07\/procedure.webp 300w, https:\/\/virtua.hr\/wp-content\/uploads\/2023\/07\/procedure-150x150.webp 150w\" sizes=\"auto, (max-width: 300px) 100vw, 300px\" \/><\/figure><div class=\"wp-block-media-text__content\">\n<p><strong>Kreiranje uputa i definiranje poslovnih procesa<\/strong><\/p>\n<p>Za ve\u0107u uspje\u0161nost poslovanja preporu\u010dam definiranje poslovnih procesa, odnosno aktivnosti kojima ostvarujete ciljeve svoje tvrtke ili obrta.<br \/>Dokumentirane upute za rad kreiram poduzetnicima koji namjeravaju ubudu\u0107e raditi sa vanjskim suradnicima, koji namjeravaju svoje poslovanje \u0161iriti, prodati ili predati u naslije\u0111e.<\/p>\n<\/div><\/div>\n","protected":false},"excerpt":{"rendered":"<p>Usluge Dvije su skupine usluga u ponudi: &nbsp; &nbsp; &nbsp; USLUGE PODR\u0160KE MARKETINGU &nbsp; &nbsp; &nbsp; ADMINISTRATIVNE USLUGE Usluge podr\u0161ke marketingu: Obrada i izrada kratkih video materijala: kra\u0107enje, spajanje, titlovi, efekti, animacije Trebate video za promociju svojih usluga ili proizvoda? Iz videa ili fotografija kreiram materijal prema va\u0161im potrebama. Izrada info-promo materijala za dru\u0161tvene mre\u017ee [&hellip;]<\/p>\n","protected":false},"author":1,"featured_media":0,"parent":0,"menu_order":0,"comment_status":"closed","ping_status":"closed","template":"","meta":{"_uag_custom_page_level_css":"","site-sidebar-layout":"default","site-content-layout":"","ast-site-content-layout":"default","site-content-style":"default","site-sidebar-style":"default","ast-global-header-display":"","ast-banner-title-visibility":"","ast-main-header-display":"","ast-hfb-above-header-display":"","ast-hfb-below-header-display":"","ast-hfb-mobile-header-display":"","site-post-title":"disabled","ast-breadcrumbs-content":"","ast-featured-img":"","footer-sml-layout":"","ast-disable-related-posts":"","theme-transparent-header-meta":"","adv-header-id-meta":"","stick-header-meta":"","header-above-stick-meta":"","header-main-stick-meta":"","header-below-stick-meta":"","astra-migrate-meta-layouts":"set","ast-page-background-enabled":"default","ast-page-background-meta":{"desktop":{"background-color":"var(--ast-global-color-4)","background-image":"","background-repeat":"repeat","background-position":"center center","background-size":"auto","background-attachment":"scroll","background-type":"","background-media":"","overlay-type":"","overlay-color":"","overlay-opacity":"","overlay-gradient":""},"tablet":{"background-color":"","background-image":"","background-repeat":"repeat","background-position":"center center","background-size":"auto","background-attachment":"scroll","background-type":"","background-media":"","overlay-type":"","overlay-color":"","overlay-opacity":"","overlay-gradient":""},"mobile":{"background-color":"","background-image":"","background-repeat":"repeat","background-position":"center center","background-size":"auto","background-attachment":"scroll","background-type":"","background-media":"","overlay-type":"","overlay-color":"","overlay-opacity":"","overlay-gradient":""}},"ast-content-background-meta":{"desktop":{"background-color":"var(--ast-global-color-5)","background-image":"","background-repeat":"repeat","background-position":"center center","background-size":"auto","background-attachment":"scroll","background-type":"","background-media":"","overlay-type":"","overlay-color":"","overlay-opacity":"","overlay-gradient":""},"tablet":{"background-color":"var(--ast-global-color-5)","background-image":"","background-repeat":"repeat","background-position":"center center","background-size":"auto","background-attachment":"scroll","background-type":"","background-media":"","overlay-type":"","overlay-color":"","overlay-opacity":"","overlay-gradient":""},"mobile":{"background-color":"var(--ast-global-color-5)","background-image":"","background-repeat":"repeat","background-position":"center center","background-size":"auto","background-attachment":"scroll","background-type":"","background-media":"","overlay-type":"","overlay-color":"","overlay-opacity":"","overlay-gradient":""}},"footnotes":""},"class_list":["post-960","page","type-page","status-publish","hentry"],"yoast_head":"<!-- This site is optimized with the Yoast SEO plugin v27.4 - https:\/\/yoast.com\/product\/yoast-seo-wordpress\/ -->\n<title>Usluge - VirtuA, poslovna asistentica<\/title>\n<meta name=\"description\" content=\"Usluge podr\u0161ke marketingu i administracija: info-promo materijali i prezentacije, obrada i izrada videa, WordPress; izvje\u0161taji,...\" \/>\n<meta name=\"robots\" content=\"index, follow, max-snippet:-1, max-image-preview:large, max-video-preview:-1\" \/>\n<link rel=\"canonical\" href=\"https:\/\/virtua.hr\/index.php\/usluge\/\" \/>\n<meta property=\"og:locale\" content=\"hr_HR\" \/>\n<meta property=\"og:type\" content=\"article\" \/>\n<meta property=\"og:title\" content=\"Usluge - VirtuA, poslovna asistentica\" \/>\n<meta property=\"og:description\" content=\"Usluge podr\u0161ke marketingu i administracija: info-promo materijali i prezentacije, obrada i izrada videa, WordPress; izvje\u0161taji,...\" \/>\n<meta property=\"og:url\" content=\"https:\/\/virtua.hr\/index.php\/usluge\/\" \/>\n<meta property=\"og:site_name\" content=\"VirtuA, poslovna asistentica\" \/>\n<meta property=\"article:modified_time\" content=\"2025-07-25T14:42:50+00:00\" \/>\n<meta property=\"og:image\" content=\"https:\/\/virtua.hr\/wp-content\/uploads\/2023\/07\/obrada-video-zapisa-.webp\" \/>\n\t<meta property=\"og:image:width\" content=\"300\" \/>\n\t<meta property=\"og:image:height\" content=\"300\" \/>\n\t<meta property=\"og:image:type\" content=\"image\/webp\" \/>\n<meta name=\"twitter:card\" content=\"summary_large_image\" \/>\n<meta name=\"twitter:label1\" content=\"Procijenjeno vrijeme \u010ditanja\" \/>\n\t<meta name=\"twitter:data1\" content=\"4 minute\" \/>\n<script type=\"application\/ld+json\" class=\"yoast-schema-graph\">{\"@context\":\"https:\\\/\\\/schema.org\",\"@graph\":[{\"@type\":\"WebPage\",\"@id\":\"https:\\\/\\\/virtua.hr\\\/index.php\\\/usluge\\\/\",\"url\":\"https:\\\/\\\/virtua.hr\\\/index.php\\\/usluge\\\/\",\"name\":\"Usluge - VirtuA, poslovna asistentica\",\"isPartOf\":{\"@id\":\"https:\\\/\\\/virtua.hr\\\/#website\"},\"primaryImageOfPage\":{\"@id\":\"https:\\\/\\\/virtua.hr\\\/index.php\\\/usluge\\\/#primaryimage\"},\"image\":{\"@id\":\"https:\\\/\\\/virtua.hr\\\/index.php\\\/usluge\\\/#primaryimage\"},\"thumbnailUrl\":\"https:\\\/\\\/virtua.hr\\\/wp-content\\\/uploads\\\/2023\\\/07\\\/obrada-video-zapisa-.webp\",\"datePublished\":\"2023-07-21T08:02:23+00:00\",\"dateModified\":\"2025-07-25T14:42:50+00:00\",\"description\":\"Usluge podr\u0161ke marketingu i administracija: info-promo materijali i prezentacije, obrada i izrada videa, WordPress; izvje\u0161taji,...\",\"breadcrumb\":{\"@id\":\"https:\\\/\\\/virtua.hr\\\/index.php\\\/usluge\\\/#breadcrumb\"},\"inLanguage\":\"hr\",\"potentialAction\":[{\"@type\":\"ReadAction\",\"target\":[\"https:\\\/\\\/virtua.hr\\\/index.php\\\/usluge\\\/\"]}]},{\"@type\":\"ImageObject\",\"inLanguage\":\"hr\",\"@id\":\"https:\\\/\\\/virtua.hr\\\/index.php\\\/usluge\\\/#primaryimage\",\"url\":\"https:\\\/\\\/virtua.hr\\\/wp-content\\\/uploads\\\/2023\\\/07\\\/obrada-video-zapisa-.webp\",\"contentUrl\":\"https:\\\/\\\/virtua.hr\\\/wp-content\\\/uploads\\\/2023\\\/07\\\/obrada-video-zapisa-.webp\",\"width\":300,\"height\":300},{\"@type\":\"BreadcrumbList\",\"@id\":\"https:\\\/\\\/virtua.hr\\\/index.php\\\/usluge\\\/#breadcrumb\",\"itemListElement\":[{\"@type\":\"ListItem\",\"position\":1,\"name\":\"Home\",\"item\":\"https:\\\/\\\/virtua.hr\\\/\"},{\"@type\":\"ListItem\",\"position\":2,\"name\":\"Usluge\"}]},{\"@type\":\"WebSite\",\"@id\":\"https:\\\/\\\/virtua.hr\\\/#website\",\"url\":\"https:\\\/\\\/virtua.hr\\\/\",\"name\":\"VirtuA, poslovna asistentica\",\"description\":\"\u017deljka Moha\u010d\",\"potentialAction\":[{\"@type\":\"SearchAction\",\"target\":{\"@type\":\"EntryPoint\",\"urlTemplate\":\"https:\\\/\\\/virtua.hr\\\/?s={search_term_string}\"},\"query-input\":{\"@type\":\"PropertyValueSpecification\",\"valueRequired\":true,\"valueName\":\"search_term_string\"}}],\"inLanguage\":\"hr\"}]}<\/script>\n<!-- \/ Yoast SEO plugin. -->","yoast_head_json":{"title":"Usluge - VirtuA, poslovna asistentica","description":"Usluge podr\u0161ke marketingu i administracija: info-promo materijali i prezentacije, obrada i izrada videa, WordPress; izvje\u0161taji,...","robots":{"index":"index","follow":"follow","max-snippet":"max-snippet:-1","max-image-preview":"max-image-preview:large","max-video-preview":"max-video-preview:-1"},"canonical":"https:\/\/virtua.hr\/index.php\/usluge\/","og_locale":"hr_HR","og_type":"article","og_title":"Usluge - VirtuA, poslovna asistentica","og_description":"Usluge podr\u0161ke marketingu i administracija: info-promo materijali i prezentacije, obrada i izrada videa, WordPress; izvje\u0161taji,...","og_url":"https:\/\/virtua.hr\/index.php\/usluge\/","og_site_name":"VirtuA, poslovna asistentica","article_modified_time":"2025-07-25T14:42:50+00:00","og_image":[{"width":300,"height":300,"url":"https:\/\/virtua.hr\/wp-content\/uploads\/2023\/07\/obrada-video-zapisa-.webp","type":"image\/webp"}],"twitter_card":"summary_large_image","twitter_misc":{"Procijenjeno vrijeme \u010ditanja":"4 minute"},"schema":{"@context":"https:\/\/schema.org","@graph":[{"@type":"WebPage","@id":"https:\/\/virtua.hr\/index.php\/usluge\/","url":"https:\/\/virtua.hr\/index.php\/usluge\/","name":"Usluge - VirtuA, poslovna asistentica","isPartOf":{"@id":"https:\/\/virtua.hr\/#website"},"primaryImageOfPage":{"@id":"https:\/\/virtua.hr\/index.php\/usluge\/#primaryimage"},"image":{"@id":"https:\/\/virtua.hr\/index.php\/usluge\/#primaryimage"},"thumbnailUrl":"https:\/\/virtua.hr\/wp-content\/uploads\/2023\/07\/obrada-video-zapisa-.webp","datePublished":"2023-07-21T08:02:23+00:00","dateModified":"2025-07-25T14:42:50+00:00","description":"Usluge podr\u0161ke marketingu i administracija: info-promo materijali i prezentacije, obrada i izrada videa, WordPress; izvje\u0161taji,...","breadcrumb":{"@id":"https:\/\/virtua.hr\/index.php\/usluge\/#breadcrumb"},"inLanguage":"hr","potentialAction":[{"@type":"ReadAction","target":["https:\/\/virtua.hr\/index.php\/usluge\/"]}]},{"@type":"ImageObject","inLanguage":"hr","@id":"https:\/\/virtua.hr\/index.php\/usluge\/#primaryimage","url":"https:\/\/virtua.hr\/wp-content\/uploads\/2023\/07\/obrada-video-zapisa-.webp","contentUrl":"https:\/\/virtua.hr\/wp-content\/uploads\/2023\/07\/obrada-video-zapisa-.webp","width":300,"height":300},{"@type":"BreadcrumbList","@id":"https:\/\/virtua.hr\/index.php\/usluge\/#breadcrumb","itemListElement":[{"@type":"ListItem","position":1,"name":"Home","item":"https:\/\/virtua.hr\/"},{"@type":"ListItem","position":2,"name":"Usluge"}]},{"@type":"WebSite","@id":"https:\/\/virtua.hr\/#website","url":"https:\/\/virtua.hr\/","name":"VirtuA, poslovna asistentica","description":"\u017deljka Moha\u010d","potentialAction":[{"@type":"SearchAction","target":{"@type":"EntryPoint","urlTemplate":"https:\/\/virtua.hr\/?s={search_term_string}"},"query-input":{"@type":"PropertyValueSpecification","valueRequired":true,"valueName":"search_term_string"}}],"inLanguage":"hr"}]}},"uagb_featured_image_src":{"full":false,"thumbnail":false,"medium":false,"medium_large":false,"large":false,"1536x1536":false,"2048x2048":false},"uagb_author_info":{"display_name":"\u017deljka Moha\u010d","author_link":"https:\/\/virtua.hr\/index.php\/author\/admin_lc2pu82k\/"},"uagb_comment_info":0,"uagb_excerpt":"Usluge Dvije su skupine usluga u ponudi: &nbsp; &nbsp; &nbsp; USLUGE PODR\u0160KE MARKETINGU &nbsp; &nbsp; &nbsp; ADMINISTRATIVNE USLUGE Usluge podr\u0161ke marketingu: Obrada i izrada kratkih video materijala: kra\u0107enje, spajanje, titlovi, efekti, animacije Trebate video za promociju svojih usluga ili proizvoda? Iz videa ili fotografija kreiram materijal prema va\u0161im potrebama. Izrada info-promo materijala za dru\u0161tvene mre\u017ee&hellip;","_links":{"self":[{"href":"https:\/\/virtua.hr\/index.php\/wp-json\/wp\/v2\/pages\/960","targetHints":{"allow":["GET"]}}],"collection":[{"href":"https:\/\/virtua.hr\/index.php\/wp-json\/wp\/v2\/pages"}],"about":[{"href":"https:\/\/virtua.hr\/index.php\/wp-json\/wp\/v2\/types\/page"}],"author":[{"embeddable":true,"href":"https:\/\/virtua.hr\/index.php\/wp-json\/wp\/v2\/users\/1"}],"replies":[{"embeddable":true,"href":"https:\/\/virtua.hr\/index.php\/wp-json\/wp\/v2\/comments?post=960"}],"version-history":[{"count":10,"href":"https:\/\/virtua.hr\/index.php\/wp-json\/wp\/v2\/pages\/960\/revisions"}],"predecessor-version":[{"id":1239,"href":"https:\/\/virtua.hr\/index.php\/wp-json\/wp\/v2\/pages\/960\/revisions\/1239"}],"wp:attachment":[{"href":"https:\/\/virtua.hr\/index.php\/wp-json\/wp\/v2\/media?parent=960"}],"curies":[{"name":"wp","href":"https:\/\/api.w.org\/{rel}","templated":true}]}}