{"id":962,"date":"2023-07-21T08:44:44","date_gmt":"2023-07-21T08:44:44","guid":{"rendered":"https:\/\/virtua.hr\/?page_id=962"},"modified":"2024-05-21T20:49:37","modified_gmt":"2024-05-21T20:49:37","slug":"preporuke","status":"publish","type":"page","link":"https:\/\/virtua.hr\/index.php\/preporuke\/","title":{"rendered":"Preporuke"},"content":{"rendered":"\n<h5 class=\"wp-block-heading\"><strong>Preporuke<\/strong><\/h5>\n\n\n\n<div style=\"height:40px\" aria-hidden=\"true\" class=\"wp-block-spacer\"><\/div>\n\n\n\n<p>Vi\u0161nja \u017deljeznjak, pokreta\u010dica<strong> <a href=\"https:\/\/www.eduza.hr\/\">Eduze<\/a><\/strong> &#8211; platforme za razvoj edukacijskog biznisa i poslovne edukacije: <em>\u017deljka je osoba koja je zadu\u017eena za to da se ove stvari oko Eduze doga\u0111aju jer ve\u0107 unazad tri mjeseca koordinira i radi na marketin\u0161koj operativi Eduze.<\/em> <em>\u017deljka je stvarno izvrsna, poma\u017ee nam sa organizacijom promocije u Notionu<\/em>.<\/p>\n\n\n\n<figure class=\"wp-block-video\"><video height=\"720\" style=\"aspect-ratio: 1280 \/ 720;\" width=\"1280\" controls src=\"https:\/\/virtua.hr\/wp-content\/uploads\/2024\/05\/Preporuka_Eduza.mp4\"><\/video><\/figure>\n","protected":false},"excerpt":{"rendered":"<p>Preporuke Vi\u0161nja \u017deljeznjak, pokreta\u010dica Eduze &#8211; platforme za razvoj edukacijskog biznisa i poslovne edukacije: \u017deljka je osoba koja je zadu\u017eena za to da se ove stvari oko Eduze doga\u0111aju jer ve\u0107 unazad tri mjeseca koordinira i radi na marketin\u0161koj operativi Eduze. \u017deljka je stvarno izvrsna, poma\u017ee nam sa organizacijom promocije u Notionu.<\/p>\n","protected":false},"author":1,"featured_media":0,"parent":0,"menu_order":0,"comment_status":"closed","ping_status":"closed","template":"","meta":{"_uag_custom_page_level_css":"","site-sidebar-layout":"default","site-content-layout":"","ast-site-content-layout":"default","site-content-style":"default","site-sidebar-style":"default","ast-global-header-display":"","ast-banner-title-visibility":"","ast-main-header-display":"","ast-hfb-above-header-display":"","ast-hfb-below-header-display":"","ast-hfb-mobile-header-display":"","site-post-title":"disabled","ast-breadcrumbs-content":"","ast-featured-img":"","footer-sml-layout":"","ast-disable-related-posts":"","theme-transparent-header-meta":"","adv-header-id-meta":"","stick-header-meta":"","header-above-stick-meta":"","header-main-stick-meta":"","header-below-stick-meta":"","astra-migrate-meta-layouts":"set","ast-page-background-enabled":"default","ast-page-background-meta":{"desktop":{"background-color":"var(--ast-global-color-4)","background-image":"","background-repeat":"repeat","background-position":"center center","background-size":"auto","background-attachment":"scroll","background-type":"","background-media":"","overlay-type":"","overlay-color":"","overlay-opacity":"","overlay-gradient":""},"tablet":{"background-color":"","background-image":"","background-repeat":"repeat","background-position":"center center","background-size":"auto","background-attachment":"scroll","background-type":"","background-media":"","overlay-type":"","overlay-color":"","overlay-opacity":"","overlay-gradient":""},"mobile":{"background-color":"","background-image":"","background-repeat":"repeat","background-position":"center center","background-size":"auto","background-attachment":"scroll","background-type":"","background-media":"","overlay-type":"","overlay-color":"","overlay-opacity":"","overlay-gradient":""}},"ast-content-background-meta":{"desktop":{"background-color":"var(--ast-global-color-5)","background-image":"","background-repeat":"repeat","background-position":"center center","background-size":"auto","background-attachment":"scroll","background-type":"","background-media":"","overlay-type":"","overlay-color":"","overlay-opacity":"","overlay-gradient":""},"tablet":{"background-color":"var(--ast-global-color-5)","background-image":"","background-repeat":"repeat","background-position":"center center","background-size":"auto","background-attachment":"scroll","background-type":"","background-media":"","overlay-type":"","overlay-color":"","overlay-opacity":"","overlay-gradient":""},"mobile":{"background-color":"var(--ast-global-color-5)","background-image":"","background-repeat":"repeat","background-position":"center center","background-size":"auto","background-attachment":"scroll","background-type":"","background-media":"","overlay-type":"","overlay-color":"","overlay-opacity":"","overlay-gradient":""}},"footnotes":""},"class_list":["post-962","page","type-page","status-publish","hentry"],"yoast_head":"<!-- This site is optimized with the Yoast SEO plugin v27.4 - https:\/\/yoast.com\/product\/yoast-seo-wordpress\/ -->\n<title>Preporuke - VirtuA, poslovna asistentica<\/title>\n<meta name=\"description\" content=\"Osvrt na suradnju daje Vi\u0161nja \u017deljeznjak, pokreta\u010dica Eduze (https:\/\/www.eduza.hr\/), platforme za razvoj edukacijskog biznisa i poslovne edukacije. Educira poduzetnike o razvoju edukacijskog biznisa koriste\u0107i discipline B2B digitalnog marketinga, podru\u010dja na kojem ima vi\u0161e od 22 godine prakti\u010dnog iskustva.\" \/>\n<meta name=\"robots\" content=\"index, follow, max-snippet:-1, max-image-preview:large, max-video-preview:-1\" \/>\n<link rel=\"canonical\" href=\"https:\/\/virtua.hr\/index.php\/preporuke\/\" \/>\n<meta property=\"og:locale\" content=\"hr_HR\" \/>\n<meta property=\"og:type\" content=\"article\" \/>\n<meta property=\"og:title\" content=\"Preporuke - VirtuA, poslovna asistentica\" \/>\n<meta property=\"og:description\" content=\"Osvrt na suradnju daje Vi\u0161nja \u017deljeznjak, pokreta\u010dica Eduze (https:\/\/www.eduza.hr\/), platforme za razvoj edukacijskog biznisa i poslovne edukacije. Educira poduzetnike o razvoju edukacijskog biznisa koriste\u0107i discipline B2B digitalnog marketinga, podru\u010dja na kojem ima vi\u0161e od 22 godine prakti\u010dnog iskustva.\" \/>\n<meta property=\"og:url\" content=\"https:\/\/virtua.hr\/index.php\/preporuke\/\" \/>\n<meta property=\"og:site_name\" content=\"VirtuA, poslovna asistentica\" \/>\n<meta property=\"article:modified_time\" content=\"2024-05-21T20:49:37+00:00\" \/>\n<meta name=\"twitter:card\" content=\"summary_large_image\" \/>\n<meta name=\"twitter:label1\" content=\"Procijenjeno vrijeme \u010ditanja\" \/>\n\t<meta name=\"twitter:data1\" content=\"1 minuta\" \/>\n<script type=\"application\/ld+json\" class=\"yoast-schema-graph\">{\"@context\":\"https:\\\/\\\/schema.org\",\"@graph\":[{\"@type\":\"WebPage\",\"@id\":\"https:\\\/\\\/virtua.hr\\\/index.php\\\/preporuke\\\/\",\"url\":\"https:\\\/\\\/virtua.hr\\\/index.php\\\/preporuke\\\/\",\"name\":\"Preporuke - VirtuA, poslovna asistentica\",\"isPartOf\":{\"@id\":\"https:\\\/\\\/virtua.hr\\\/#website\"},\"datePublished\":\"2023-07-21T08:44:44+00:00\",\"dateModified\":\"2024-05-21T20:49:37+00:00\",\"description\":\"Osvrt na suradnju daje Vi\u0161nja \u017deljeznjak, pokreta\u010dica Eduze (https:\\\/\\\/www.eduza.hr\\\/), platforme za razvoj edukacijskog biznisa i poslovne edukacije. Educira poduzetnike o razvoju edukacijskog biznisa koriste\u0107i discipline B2B digitalnog marketinga, podru\u010dja na kojem ima vi\u0161e od 22 godine prakti\u010dnog iskustva.\",\"breadcrumb\":{\"@id\":\"https:\\\/\\\/virtua.hr\\\/index.php\\\/preporuke\\\/#breadcrumb\"},\"inLanguage\":\"hr\",\"potentialAction\":[{\"@type\":\"ReadAction\",\"target\":[\"https:\\\/\\\/virtua.hr\\\/index.php\\\/preporuke\\\/\"]}]},{\"@type\":\"BreadcrumbList\",\"@id\":\"https:\\\/\\\/virtua.hr\\\/index.php\\\/preporuke\\\/#breadcrumb\",\"itemListElement\":[{\"@type\":\"ListItem\",\"position\":1,\"name\":\"Home\",\"item\":\"https:\\\/\\\/virtua.hr\\\/\"},{\"@type\":\"ListItem\",\"position\":2,\"name\":\"Preporuke\"}]},{\"@type\":\"WebSite\",\"@id\":\"https:\\\/\\\/virtua.hr\\\/#website\",\"url\":\"https:\\\/\\\/virtua.hr\\\/\",\"name\":\"VirtuA, poslovna asistentica\",\"description\":\"\u017deljka Moha\u010d\",\"potentialAction\":[{\"@type\":\"SearchAction\",\"target\":{\"@type\":\"EntryPoint\",\"urlTemplate\":\"https:\\\/\\\/virtua.hr\\\/?s={search_term_string}\"},\"query-input\":{\"@type\":\"PropertyValueSpecification\",\"valueRequired\":true,\"valueName\":\"search_term_string\"}}],\"inLanguage\":\"hr\"}]}<\/script>\n<!-- \/ Yoast SEO plugin. -->","yoast_head_json":{"title":"Preporuke - VirtuA, poslovna asistentica","description":"Osvrt na suradnju daje Vi\u0161nja \u017deljeznjak, pokreta\u010dica Eduze (https:\/\/www.eduza.hr\/), platforme za razvoj edukacijskog biznisa i poslovne edukacije. Educira poduzetnike o razvoju edukacijskog biznisa koriste\u0107i discipline B2B digitalnog marketinga, podru\u010dja na kojem ima vi\u0161e od 22 godine prakti\u010dnog iskustva.","robots":{"index":"index","follow":"follow","max-snippet":"max-snippet:-1","max-image-preview":"max-image-preview:large","max-video-preview":"max-video-preview:-1"},"canonical":"https:\/\/virtua.hr\/index.php\/preporuke\/","og_locale":"hr_HR","og_type":"article","og_title":"Preporuke - VirtuA, poslovna asistentica","og_description":"Osvrt na suradnju daje Vi\u0161nja \u017deljeznjak, pokreta\u010dica Eduze (https:\/\/www.eduza.hr\/), platforme za razvoj edukacijskog biznisa i poslovne edukacije. Educira poduzetnike o razvoju edukacijskog biznisa koriste\u0107i discipline B2B digitalnog marketinga, podru\u010dja na kojem ima vi\u0161e od 22 godine prakti\u010dnog iskustva.","og_url":"https:\/\/virtua.hr\/index.php\/preporuke\/","og_site_name":"VirtuA, poslovna asistentica","article_modified_time":"2024-05-21T20:49:37+00:00","twitter_card":"summary_large_image","twitter_misc":{"Procijenjeno vrijeme \u010ditanja":"1 minuta"},"schema":{"@context":"https:\/\/schema.org","@graph":[{"@type":"WebPage","@id":"https:\/\/virtua.hr\/index.php\/preporuke\/","url":"https:\/\/virtua.hr\/index.php\/preporuke\/","name":"Preporuke - VirtuA, poslovna asistentica","isPartOf":{"@id":"https:\/\/virtua.hr\/#website"},"datePublished":"2023-07-21T08:44:44+00:00","dateModified":"2024-05-21T20:49:37+00:00","description":"Osvrt na suradnju daje Vi\u0161nja \u017deljeznjak, pokreta\u010dica Eduze (https:\/\/www.eduza.hr\/), platforme za razvoj edukacijskog biznisa i poslovne edukacije. Educira poduzetnike o razvoju edukacijskog biznisa koriste\u0107i discipline B2B digitalnog marketinga, podru\u010dja na kojem ima vi\u0161e od 22 godine prakti\u010dnog iskustva.","breadcrumb":{"@id":"https:\/\/virtua.hr\/index.php\/preporuke\/#breadcrumb"},"inLanguage":"hr","potentialAction":[{"@type":"ReadAction","target":["https:\/\/virtua.hr\/index.php\/preporuke\/"]}]},{"@type":"BreadcrumbList","@id":"https:\/\/virtua.hr\/index.php\/preporuke\/#breadcrumb","itemListElement":[{"@type":"ListItem","position":1,"name":"Home","item":"https:\/\/virtua.hr\/"},{"@type":"ListItem","position":2,"name":"Preporuke"}]},{"@type":"WebSite","@id":"https:\/\/virtua.hr\/#website","url":"https:\/\/virtua.hr\/","name":"VirtuA, poslovna asistentica","description":"\u017deljka Moha\u010d","potentialAction":[{"@type":"SearchAction","target":{"@type":"EntryPoint","urlTemplate":"https:\/\/virtua.hr\/?s={search_term_string}"},"query-input":{"@type":"PropertyValueSpecification","valueRequired":true,"valueName":"search_term_string"}}],"inLanguage":"hr"}]}},"uagb_featured_image_src":{"full":false,"thumbnail":false,"medium":false,"medium_large":false,"large":false,"1536x1536":false,"2048x2048":false},"uagb_author_info":{"display_name":"\u017deljka Moha\u010d","author_link":"https:\/\/virtua.hr\/index.php\/author\/admin_lc2pu82k\/"},"uagb_comment_info":0,"uagb_excerpt":"Preporuke Vi\u0161nja \u017deljeznjak, pokreta\u010dica Eduze &#8211; platforme za razvoj edukacijskog biznisa i poslovne edukacije: \u017deljka je osoba koja je zadu\u017eena za to da se ove stvari oko Eduze doga\u0111aju jer ve\u0107 unazad tri mjeseca koordinira i radi na marketin\u0161koj operativi Eduze. \u017deljka je stvarno izvrsna, poma\u017ee nam sa organizacijom promocije u Notionu.","_links":{"self":[{"href":"https:\/\/virtua.hr\/index.php\/wp-json\/wp\/v2\/pages\/962","targetHints":{"allow":["GET"]}}],"collection":[{"href":"https:\/\/virtua.hr\/index.php\/wp-json\/wp\/v2\/pages"}],"about":[{"href":"https:\/\/virtua.hr\/index.php\/wp-json\/wp\/v2\/types\/page"}],"author":[{"embeddable":true,"href":"https:\/\/virtua.hr\/index.php\/wp-json\/wp\/v2\/users\/1"}],"replies":[{"embeddable":true,"href":"https:\/\/virtua.hr\/index.php\/wp-json\/wp\/v2\/comments?post=962"}],"version-history":[{"count":17,"href":"https:\/\/virtua.hr\/index.php\/wp-json\/wp\/v2\/pages\/962\/revisions"}],"predecessor-version":[{"id":1163,"href":"https:\/\/virtua.hr\/index.php\/wp-json\/wp\/v2\/pages\/962\/revisions\/1163"}],"wp:attachment":[{"href":"https:\/\/virtua.hr\/index.php\/wp-json\/wp\/v2\/media?parent=962"}],"curies":[{"name":"wp","href":"https:\/\/api.w.org\/{rel}","templated":true}]}}