{"id":966,"date":"2023-07-21T11:04:47","date_gmt":"2023-07-21T11:04:47","guid":{"rendered":"https:\/\/virtua.hr\/?page_id=966"},"modified":"2025-07-25T14:44:48","modified_gmt":"2025-07-25T14:44:48","slug":"o-meni","status":"publish","type":"page","link":"https:\/\/virtua.hr\/index.php\/o-meni\/","title":{"rendered":"O meni"},"content":{"rendered":"\n<h5 class=\"wp-block-heading\"><strong>\u017deljka Moha\u010d<\/strong><\/h5>\n\n\n\n<figure class=\"wp-block-image size-large is-resized\"><img loading=\"lazy\" decoding=\"async\" width=\"1024\" height=\"819\" src=\"https:\/\/virtua.hr\/wp-content\/uploads\/2023\/10\/C1_exp_2023-09-28-11001087_v1_EXP_1280-1024x819.jpg\" alt=\"\" class=\"wp-image-1115\" style=\"width:321px;height:257px\" srcset=\"https:\/\/virtua.hr\/wp-content\/uploads\/2023\/10\/C1_exp_2023-09-28-11001087_v1_EXP_1280-1024x819.jpg 1024w, https:\/\/virtua.hr\/wp-content\/uploads\/2023\/10\/C1_exp_2023-09-28-11001087_v1_EXP_1280-300x240.jpg 300w, https:\/\/virtua.hr\/wp-content\/uploads\/2023\/10\/C1_exp_2023-09-28-11001087_v1_EXP_1280-768x614.jpg 768w, https:\/\/virtua.hr\/wp-content\/uploads\/2023\/10\/C1_exp_2023-09-28-11001087_v1_EXP_1280.jpg 1280w\" sizes=\"auto, (max-width: 1024px) 100vw, 1024px\" \/><\/figure>\n\n\n\n<div style=\"height:40px\" aria-hidden=\"true\" class=\"wp-block-spacer\"><\/div>\n\n\n<h6><strong>\u0160to trebate znati o meni&#8230;<\/strong><\/h6>\n\n\n<div style=\"height:40px\" aria-hidden=\"true\" class=\"wp-block-spacer\"><\/div>\n\n\n<p>Organizirana sam, pouzdana, uporna i otvorena za promjene i prilagodbu.<\/p>\n<p>Kontinuirano u\u010dim i stje\u010dem nove vje\u0161tine.<\/p>\n<p>Ne \u201cnabijam\u201d sate, \u0161tedim klijentima vrijeme i novac.<\/p>\n<p>Po\u0161tujem tu\u0111e vrijeme i cijenim kad drugi po\u0161tuju moje.<\/p>\n\n\n<div style=\"height:40px\" aria-hidden=\"true\" class=\"wp-block-spacer\"><\/div>\n\n\n<p>\u010cetrnaest godina sam radila u proizvodnoj tvrtki. Krenula sam u poduzetni\u010dke vode kako bih mogla lak\u0161e upravljati svojom karijerom i svojim slobodnim vremenom. Godinama se moj posao temeljio na unosu i obradi razli\u010ditih podataka, tako da se na tom podru\u010dju vrlo dobro snalazim. Omiljeni posao mi je podr\u0161ka edukatorima i marketingu jer tako mogu koristiti i usavr\u0161avati svoje kreativne vje\u0161tine.<\/p>\n\n\n<div style=\"height:40px\" aria-hidden=\"true\" class=\"wp-block-spacer\"><\/div>\n\n\n<h6><strong>Organizirana<\/strong><\/h6>\n<p>Koristim alate i aplikacije za planiranje poslovnih i privatnih obaveza. Sve svoje dokumente i dokumente svojih klijenata organiziram na na\u010din da ih se mo\u017ee brzo i lako prona\u0107i.<\/p>\n<h6><strong>Pouzdana\u00a0<\/strong><\/h6>\n<p>Po\u0161tujem dogovor, ne dajem obe\u0107anja koja ne mogu izvr\u0161iti.\u00a0<\/p>\n<p><strong>Uporna<\/strong><\/p>\n<p>Kad radim, u\u010dim i istra\u017eujem, ne odustajem dok ne realiziram zadatak, prona\u0111em odgovor na pitanje ili rje\u0161enje problema.<\/p>\n<h6><strong>Otvorena za promjene i prilagodbu<\/strong><\/h6>\n<p>Kao poslovna asistentica radim s razli\u010ditim klijentima, otvorenost za promjene i spremnost na prilagodbu mi omogu\u0107avaju uspje\u0161an rad.<\/p>","protected":false},"excerpt":{"rendered":"<p>\u017deljka Moha\u010d \u0160to trebate znati o meni&#8230; Organizirana sam, pouzdana, uporna i otvorena za promjene i prilagodbu. Kontinuirano u\u010dim i stje\u010dem nove vje\u0161tine. Ne \u201cnabijam\u201d sate, \u0161tedim klijentima vrijeme i novac. Po\u0161tujem tu\u0111e vrijeme i cijenim kad drugi po\u0161tuju moje. \u010cetrnaest godina sam radila u proizvodnoj tvrtki. Krenula sam u poduzetni\u010dke vode kako bih mogla [&hellip;]<\/p>\n","protected":false},"author":1,"featured_media":0,"parent":0,"menu_order":0,"comment_status":"closed","ping_status":"closed","template":"","meta":{"_uag_custom_page_level_css":"","site-sidebar-layout":"default","site-content-layout":"","ast-site-content-layout":"default","site-content-style":"default","site-sidebar-style":"default","ast-global-header-display":"","ast-banner-title-visibility":"","ast-main-header-display":"","ast-hfb-above-header-display":"","ast-hfb-below-header-display":"","ast-hfb-mobile-header-display":"","site-post-title":"disabled","ast-breadcrumbs-content":"","ast-featured-img":"","footer-sml-layout":"","ast-disable-related-posts":"","theme-transparent-header-meta":"","adv-header-id-meta":"","stick-header-meta":"","header-above-stick-meta":"","header-main-stick-meta":"","header-below-stick-meta":"","astra-migrate-meta-layouts":"set","ast-page-background-enabled":"default","ast-page-background-meta":{"desktop":{"background-color":"var(--ast-global-color-4)","background-image":"","background-repeat":"repeat","background-position":"center center","background-size":"auto","background-attachment":"scroll","background-type":"","background-media":"","overlay-type":"","overlay-color":"","overlay-opacity":"","overlay-gradient":""},"tablet":{"background-color":"","background-image":"","background-repeat":"repeat","background-position":"center center","background-size":"auto","background-attachment":"scroll","background-type":"","background-media":"","overlay-type":"","overlay-color":"","overlay-opacity":"","overlay-gradient":""},"mobile":{"background-color":"","background-image":"","background-repeat":"repeat","background-position":"center center","background-size":"auto","background-attachment":"scroll","background-type":"","background-media":"","overlay-type":"","overlay-color":"","overlay-opacity":"","overlay-gradient":""}},"ast-content-background-meta":{"desktop":{"background-color":"var(--ast-global-color-5)","background-image":"","background-repeat":"repeat","background-position":"center center","background-size":"auto","background-attachment":"scroll","background-type":"","background-media":"","overlay-type":"","overlay-color":"","overlay-opacity":"","overlay-gradient":""},"tablet":{"background-color":"var(--ast-global-color-5)","background-image":"","background-repeat":"repeat","background-position":"center center","background-size":"auto","background-attachment":"scroll","background-type":"","background-media":"","overlay-type":"","overlay-color":"","overlay-opacity":"","overlay-gradient":""},"mobile":{"background-color":"var(--ast-global-color-5)","background-image":"","background-repeat":"repeat","background-position":"center center","background-size":"auto","background-attachment":"scroll","background-type":"","background-media":"","overlay-type":"","overlay-color":"","overlay-opacity":"","overlay-gradient":""}},"footnotes":""},"class_list":["post-966","page","type-page","status-publish","hentry"],"yoast_head":"<!-- This site is optimized with the Yoast SEO plugin v27.4 - https:\/\/yoast.com\/product\/yoast-seo-wordpress\/ -->\n<title>O meni - VirtuA, poslovna asistentica<\/title>\n<meta name=\"description\" content=\"O meni: organizirana sam, pouzdana, uporna i otvorena za promjene i prilagodbu. Kontinuirano stje\u010dem nove vje\u0161tine.\" \/>\n<meta name=\"robots\" content=\"index, follow, max-snippet:-1, max-image-preview:large, max-video-preview:-1\" \/>\n<link rel=\"canonical\" href=\"https:\/\/virtua.hr\/index.php\/o-meni\/\" \/>\n<meta property=\"og:locale\" content=\"hr_HR\" \/>\n<meta property=\"og:type\" content=\"article\" \/>\n<meta property=\"og:title\" content=\"O meni - VirtuA, poslovna asistentica\" \/>\n<meta property=\"og:description\" content=\"O meni: organizirana sam, pouzdana, uporna i otvorena za promjene i prilagodbu. Kontinuirano stje\u010dem nove vje\u0161tine.\" \/>\n<meta property=\"og:url\" content=\"https:\/\/virtua.hr\/index.php\/o-meni\/\" \/>\n<meta property=\"og:site_name\" content=\"VirtuA, poslovna asistentica\" \/>\n<meta property=\"article:modified_time\" content=\"2025-07-25T14:44:48+00:00\" \/>\n<meta property=\"og:image\" content=\"https:\/\/virtua.hr\/wp-content\/uploads\/2023\/10\/C1_exp_2023-09-28-11001087_v1_EXP_1280.jpg\" \/>\n\t<meta property=\"og:image:width\" content=\"1280\" \/>\n\t<meta property=\"og:image:height\" content=\"1024\" \/>\n\t<meta property=\"og:image:type\" content=\"image\/jpeg\" \/>\n<meta name=\"twitter:card\" content=\"summary_large_image\" \/>\n<meta name=\"twitter:label1\" content=\"Procijenjeno vrijeme \u010ditanja\" \/>\n\t<meta name=\"twitter:data1\" content=\"2 minute\" \/>\n<script type=\"application\/ld+json\" class=\"yoast-schema-graph\">{\"@context\":\"https:\\\/\\\/schema.org\",\"@graph\":[{\"@type\":\"WebPage\",\"@id\":\"https:\\\/\\\/virtua.hr\\\/index.php\\\/o-meni\\\/\",\"url\":\"https:\\\/\\\/virtua.hr\\\/index.php\\\/o-meni\\\/\",\"name\":\"O meni - VirtuA, poslovna asistentica\",\"isPartOf\":{\"@id\":\"https:\\\/\\\/virtua.hr\\\/#website\"},\"primaryImageOfPage\":{\"@id\":\"https:\\\/\\\/virtua.hr\\\/index.php\\\/o-meni\\\/#primaryimage\"},\"image\":{\"@id\":\"https:\\\/\\\/virtua.hr\\\/index.php\\\/o-meni\\\/#primaryimage\"},\"thumbnailUrl\":\"https:\\\/\\\/virtua.hr\\\/wp-content\\\/uploads\\\/2023\\\/10\\\/C1_exp_2023-09-28-11001087_v1_EXP_1280-1024x819.jpg\",\"datePublished\":\"2023-07-21T11:04:47+00:00\",\"dateModified\":\"2025-07-25T14:44:48+00:00\",\"description\":\"O meni: organizirana sam, pouzdana, uporna i otvorena za promjene i prilagodbu. Kontinuirano stje\u010dem nove vje\u0161tine.\",\"breadcrumb\":{\"@id\":\"https:\\\/\\\/virtua.hr\\\/index.php\\\/o-meni\\\/#breadcrumb\"},\"inLanguage\":\"hr\",\"potentialAction\":[{\"@type\":\"ReadAction\",\"target\":[\"https:\\\/\\\/virtua.hr\\\/index.php\\\/o-meni\\\/\"]}]},{\"@type\":\"ImageObject\",\"inLanguage\":\"hr\",\"@id\":\"https:\\\/\\\/virtua.hr\\\/index.php\\\/o-meni\\\/#primaryimage\",\"url\":\"https:\\\/\\\/virtua.hr\\\/wp-content\\\/uploads\\\/2023\\\/10\\\/C1_exp_2023-09-28-11001087_v1_EXP_1280.jpg\",\"contentUrl\":\"https:\\\/\\\/virtua.hr\\\/wp-content\\\/uploads\\\/2023\\\/10\\\/C1_exp_2023-09-28-11001087_v1_EXP_1280.jpg\",\"width\":1280,\"height\":1024,\"caption\":\"\u017deljka Moha\u010d\"},{\"@type\":\"BreadcrumbList\",\"@id\":\"https:\\\/\\\/virtua.hr\\\/index.php\\\/o-meni\\\/#breadcrumb\",\"itemListElement\":[{\"@type\":\"ListItem\",\"position\":1,\"name\":\"Home\",\"item\":\"https:\\\/\\\/virtua.hr\\\/\"},{\"@type\":\"ListItem\",\"position\":2,\"name\":\"O meni\"}]},{\"@type\":\"WebSite\",\"@id\":\"https:\\\/\\\/virtua.hr\\\/#website\",\"url\":\"https:\\\/\\\/virtua.hr\\\/\",\"name\":\"VirtuA, poslovna asistentica\",\"description\":\"\u017deljka Moha\u010d\",\"potentialAction\":[{\"@type\":\"SearchAction\",\"target\":{\"@type\":\"EntryPoint\",\"urlTemplate\":\"https:\\\/\\\/virtua.hr\\\/?s={search_term_string}\"},\"query-input\":{\"@type\":\"PropertyValueSpecification\",\"valueRequired\":true,\"valueName\":\"search_term_string\"}}],\"inLanguage\":\"hr\"}]}<\/script>\n<!-- \/ Yoast SEO plugin. -->","yoast_head_json":{"title":"O meni - VirtuA, poslovna asistentica","description":"O meni: organizirana sam, pouzdana, uporna i otvorena za promjene i prilagodbu. Kontinuirano stje\u010dem nove vje\u0161tine.","robots":{"index":"index","follow":"follow","max-snippet":"max-snippet:-1","max-image-preview":"max-image-preview:large","max-video-preview":"max-video-preview:-1"},"canonical":"https:\/\/virtua.hr\/index.php\/o-meni\/","og_locale":"hr_HR","og_type":"article","og_title":"O meni - VirtuA, poslovna asistentica","og_description":"O meni: organizirana sam, pouzdana, uporna i otvorena za promjene i prilagodbu. Kontinuirano stje\u010dem nove vje\u0161tine.","og_url":"https:\/\/virtua.hr\/index.php\/o-meni\/","og_site_name":"VirtuA, poslovna asistentica","article_modified_time":"2025-07-25T14:44:48+00:00","og_image":[{"width":1280,"height":1024,"url":"https:\/\/virtua.hr\/wp-content\/uploads\/2023\/10\/C1_exp_2023-09-28-11001087_v1_EXP_1280.jpg","type":"image\/jpeg"}],"twitter_card":"summary_large_image","twitter_misc":{"Procijenjeno vrijeme \u010ditanja":"2 minute"},"schema":{"@context":"https:\/\/schema.org","@graph":[{"@type":"WebPage","@id":"https:\/\/virtua.hr\/index.php\/o-meni\/","url":"https:\/\/virtua.hr\/index.php\/o-meni\/","name":"O meni - VirtuA, poslovna asistentica","isPartOf":{"@id":"https:\/\/virtua.hr\/#website"},"primaryImageOfPage":{"@id":"https:\/\/virtua.hr\/index.php\/o-meni\/#primaryimage"},"image":{"@id":"https:\/\/virtua.hr\/index.php\/o-meni\/#primaryimage"},"thumbnailUrl":"https:\/\/virtua.hr\/wp-content\/uploads\/2023\/10\/C1_exp_2023-09-28-11001087_v1_EXP_1280-1024x819.jpg","datePublished":"2023-07-21T11:04:47+00:00","dateModified":"2025-07-25T14:44:48+00:00","description":"O meni: organizirana sam, pouzdana, uporna i otvorena za promjene i prilagodbu. Kontinuirano stje\u010dem nove vje\u0161tine.","breadcrumb":{"@id":"https:\/\/virtua.hr\/index.php\/o-meni\/#breadcrumb"},"inLanguage":"hr","potentialAction":[{"@type":"ReadAction","target":["https:\/\/virtua.hr\/index.php\/o-meni\/"]}]},{"@type":"ImageObject","inLanguage":"hr","@id":"https:\/\/virtua.hr\/index.php\/o-meni\/#primaryimage","url":"https:\/\/virtua.hr\/wp-content\/uploads\/2023\/10\/C1_exp_2023-09-28-11001087_v1_EXP_1280.jpg","contentUrl":"https:\/\/virtua.hr\/wp-content\/uploads\/2023\/10\/C1_exp_2023-09-28-11001087_v1_EXP_1280.jpg","width":1280,"height":1024,"caption":"\u017deljka Moha\u010d"},{"@type":"BreadcrumbList","@id":"https:\/\/virtua.hr\/index.php\/o-meni\/#breadcrumb","itemListElement":[{"@type":"ListItem","position":1,"name":"Home","item":"https:\/\/virtua.hr\/"},{"@type":"ListItem","position":2,"name":"O meni"}]},{"@type":"WebSite","@id":"https:\/\/virtua.hr\/#website","url":"https:\/\/virtua.hr\/","name":"VirtuA, poslovna asistentica","description":"\u017deljka Moha\u010d","potentialAction":[{"@type":"SearchAction","target":{"@type":"EntryPoint","urlTemplate":"https:\/\/virtua.hr\/?s={search_term_string}"},"query-input":{"@type":"PropertyValueSpecification","valueRequired":true,"valueName":"search_term_string"}}],"inLanguage":"hr"}]}},"uagb_featured_image_src":{"full":false,"thumbnail":false,"medium":false,"medium_large":false,"large":false,"1536x1536":false,"2048x2048":false},"uagb_author_info":{"display_name":"\u017deljka Moha\u010d","author_link":"https:\/\/virtua.hr\/index.php\/author\/admin_lc2pu82k\/"},"uagb_comment_info":0,"uagb_excerpt":"\u017deljka Moha\u010d \u0160to trebate znati o meni&#8230; Organizirana sam, pouzdana, uporna i otvorena za promjene i prilagodbu. Kontinuirano u\u010dim i stje\u010dem nove vje\u0161tine. Ne \u201cnabijam\u201d sate, \u0161tedim klijentima vrijeme i novac. Po\u0161tujem tu\u0111e vrijeme i cijenim kad drugi po\u0161tuju moje. \u010cetrnaest godina sam radila u proizvodnoj tvrtki. Krenula sam u poduzetni\u010dke vode kako bih mogla&hellip;","_links":{"self":[{"href":"https:\/\/virtua.hr\/index.php\/wp-json\/wp\/v2\/pages\/966","targetHints":{"allow":["GET"]}}],"collection":[{"href":"https:\/\/virtua.hr\/index.php\/wp-json\/wp\/v2\/pages"}],"about":[{"href":"https:\/\/virtua.hr\/index.php\/wp-json\/wp\/v2\/types\/page"}],"author":[{"embeddable":true,"href":"https:\/\/virtua.hr\/index.php\/wp-json\/wp\/v2\/users\/1"}],"replies":[{"embeddable":true,"href":"https:\/\/virtua.hr\/index.php\/wp-json\/wp\/v2\/comments?post=966"}],"version-history":[{"count":11,"href":"https:\/\/virtua.hr\/index.php\/wp-json\/wp\/v2\/pages\/966\/revisions"}],"predecessor-version":[{"id":1241,"href":"https:\/\/virtua.hr\/index.php\/wp-json\/wp\/v2\/pages\/966\/revisions\/1241"}],"wp:attachment":[{"href":"https:\/\/virtua.hr\/index.php\/wp-json\/wp\/v2\/media?parent=966"}],"curies":[{"name":"wp","href":"https:\/\/api.w.org\/{rel}","templated":true}]}}